{"id":65,"date":"2025-05-21T11:17:04","date_gmt":"2025-05-21T09:17:04","guid":{"rendered":"https:\/\/agentdacheteur.com\/?page_id=65"},"modified":"2025-06-05T16:09:33","modified_gmt":"2025-06-05T14:09:33","slug":"apropos","status":"publish","type":"page","link":"https:\/\/agentdacheteur.com\/index.php\/apropos\/","title":{"rendered":"\u00c0 Propos"},"content":{"rendered":"\n<div style=\"height:57px\" aria-hidden=\"true\" class=\"wp-block-spacer\"><\/div>\n\n\n\n<div class=\"wp-block-group alignwide has-global-padding is-layout-constrained wp-block-group-is-layout-constrained\">\n<div class=\"wp-block-columns alignfull is-layout-flex wp-container-core-columns-is-layout-28f84493 wp-block-columns-is-layout-flex\">\n<div class=\"wp-block-column is-layout-flow wp-block-column-is-layout-flow\">\n<p class=\"has-heading-font-family has-large-font-size\">Hugo Barbe  &#8211;  L\u2019immobilier dans les g\u00eanes<\/p>\n\n\n\n<p><br>Passionn\u00e9 d\u2019immobilier depuis toujours, j\u2019ai grandi dans une famille o\u00f9 l\u2019achat, la r\u00e9novation et la vente de biens faisaient partie du quotidien.&nbsp;<\/p>\n\n\n\n<p>Naturellement, j\u2019ai toujours conseill\u00e9 mes proches dans leurs projets immobiliers.<\/p>\n\n\n\n<p>Fort de plus 10 ans d\u2019exp\u00e9rience dans l&rsquo;immobilier, j&rsquo;ai notamment fait croitre mon patrimoine personnel avec de nombreuses transactions d&rsquo;achats et ventes. Je mets cette passion et ce savoir-faire au service de celles et ceux qui veulent r\u00e9ussir&nbsp;leur projet immobilier sereinement et avec une vraie strat\u00e9gie.<\/p>\n\n\n\n<p>Bas\u00e9 \u00e0 Montpellier, avec la possibilit\u00e9 de services \u00e0 distance ou en d\u00e9placement pour le reste de la France.<\/p>\n\n\n\n<div style=\"height:41px\" aria-hidden=\"true\" class=\"wp-block-spacer\"><\/div>\n<\/div>\n\n\n\n<div class=\"wp-block-column is-layout-flow wp-block-column-is-layout-flow\">\n<p class=\"has-heading-font-family has-large-font-size\"><\/p>\n\n\n\n<figure class=\"wp-block-image aligncenter size-large is-resized\"><img loading=\"lazy\" decoding=\"async\" width=\"768\" height=\"1024\" src=\"https:\/\/agentdacheteur.com\/wp-content\/uploads\/2025\/05\/7190055-768x1024.jpg\" alt=\"Photo en noir et blanc d'Hugo Barbe, propri\u00e9taire du site agentdacheteur.com\" class=\"wp-image-91\" style=\"width:291px;height:auto\" srcset=\"https:\/\/agentdacheteur.com\/wp-content\/uploads\/2025\/05\/7190055-768x1024.jpg 768w, https:\/\/agentdacheteur.com\/wp-content\/uploads\/2025\/05\/7190055-225x300.jpg 225w, https:\/\/agentdacheteur.com\/wp-content\/uploads\/2025\/05\/7190055-1152x1536.jpg 1152w, https:\/\/agentdacheteur.com\/wp-content\/uploads\/2025\/05\/7190055-1536x2048.jpg 1536w, https:\/\/agentdacheteur.com\/wp-content\/uploads\/2025\/05\/7190055-scaled.jpg 1920w\" sizes=\"auto, (max-width: 768px) 100vw, 768px\" \/><\/figure>\n<\/div>\n<\/div>\n<\/div>\n\n\n\n<div style=\"height:15px\" aria-hidden=\"true\" class=\"wp-block-spacer\"><\/div>\n\n\n<div style=\"gap: 20px;\" class=\"align-button-center ub-buttons orientation-button-row  wp-block-ub-button\" id=\"ub-button-58090e5f-4c2b-4cbc-9a4d-de3d937b9eda\"><div class=\"ub-button-container\">\n\t\t\t<a href=\"https:\/\/agentdacheteur.com\/index.php\/prise-de-rdv-contact\/\" target=\"_blank\" rel=\"noopener noreferrer  \" class=\"ub-button-block-main ub-button-medium   ub-button-flex-medium\" role=\"button\" style=\"--ub-button-background-color: #2c3e4c; --ub-button-color: #f2f1ee; --ub-button-border: none; --ub-button-hover-background-color: #9bb6c6; --ub-button-hover-color: #f2f1ee; --ub-button-hover-border: none; border-top-left-radius: 10px;; border-top-right-radius: 10px;; border-bottom-left-radius: 10px;; border-bottom-right-radius: 10px;; \">\n\t\t\t\t<div class=\"ub-button-content-holder\" style=\"flex-direction: row\">\n\t\t\t\t\t<span class=\"ub-button-block-btn\">Prendre RDV<\/span>\n\t\t\t\t<\/div>\n\t\t\t<\/a>\n\t\t<\/div><\/div>","protected":false},"excerpt":{"rendered":"<p>Hugo Barbe &#8211; L\u2019immobilier dans les g\u00eanes Passionn\u00e9 d\u2019immobilier depuis toujours, j\u2019ai grandi dans une famille o\u00f9 l\u2019achat, la r\u00e9novation et la vente de biens faisaient partie du quotidien.&nbsp; Naturellement, j\u2019ai toujours conseill\u00e9 mes proches dans leurs projets immobiliers. Fort de plus 10 ans d\u2019exp\u00e9rience dans l&rsquo;immobilier, j&rsquo;ai notamment fait croitre mon patrimoine personnel avec [&hellip;]<\/p>\n","protected":false},"author":1,"featured_media":0,"parent":0,"menu_order":0,"comment_status":"closed","ping_status":"closed","template":"page-no-title","meta":{"ub_ctt_via":"","footnotes":""},"class_list":["post-65","page","type-page","status-publish","hentry"],"featured_image_src":null,"yoast_head":"<!-- This site is optimized with the Yoast SEO plugin v27.4 - https:\/\/yoast.com\/product\/yoast-seo-wordpress\/ -->\n<title>\u00c0 Propos - Agent d acheteur.com<\/title>\n<meta name=\"description\" content=\"Soyez certain de votre achat avec l&#039;aide d&#039;un professionnel de l&#039;immobilier au service des acheteurs. Il d\u00e9fendra vos int\u00e9r\u00eats uniquement.\" \/>\n<meta name=\"robots\" content=\"index, follow, max-snippet:-1, max-image-preview:large, max-video-preview:-1\" \/>\n<link rel=\"canonical\" href=\"https:\/\/agentdacheteur.com\/index.php\/apropos\/\" \/>\n<meta property=\"og:locale\" content=\"fr_FR\" \/>\n<meta property=\"og:type\" content=\"article\" \/>\n<meta property=\"og:title\" content=\"\u00c0 Propos - Agent d acheteur.com\" \/>\n<meta property=\"og:description\" content=\"Soyez certain de votre achat avec l&#039;aide d&#039;un professionnel de l&#039;immobilier au service des acheteurs. Il d\u00e9fendra vos int\u00e9r\u00eats uniquement.\" \/>\n<meta property=\"og:url\" content=\"https:\/\/agentdacheteur.com\/index.php\/apropos\/\" \/>\n<meta property=\"og:site_name\" content=\"Agent d acheteur.com\" \/>\n<meta property=\"article:modified_time\" content=\"2025-06-05T14:09:33+00:00\" \/>\n<meta property=\"og:image\" content=\"https:\/\/agentdacheteur.com\/wp-content\/uploads\/2025\/05\/7190055-scaled.jpg\" \/>\n\t<meta property=\"og:image:width\" content=\"1920\" \/>\n\t<meta property=\"og:image:height\" content=\"2560\" \/>\n\t<meta property=\"og:image:type\" content=\"image\/jpeg\" \/>\n<meta name=\"twitter:card\" content=\"summary_large_image\" \/>\n<meta name=\"twitter:label1\" content=\"Dur\u00e9e de lecture estim\u00e9e\" \/>\n\t<meta name=\"twitter:data1\" content=\"1 minute\" \/>\n<script type=\"application\/ld+json\" class=\"yoast-schema-graph\">{\"@context\":\"https:\\\/\\\/schema.org\",\"@graph\":[{\"@type\":\"WebPage\",\"@id\":\"https:\\\/\\\/agentdacheteur.com\\\/index.php\\\/apropos\\\/\",\"url\":\"https:\\\/\\\/agentdacheteur.com\\\/index.php\\\/apropos\\\/\",\"name\":\"\u00c0 Propos - Agent d acheteur.com\",\"isPartOf\":{\"@id\":\"https:\\\/\\\/agentdacheteur.com\\\/#website\"},\"primaryImageOfPage\":{\"@id\":\"https:\\\/\\\/agentdacheteur.com\\\/index.php\\\/apropos\\\/#primaryimage\"},\"image\":{\"@id\":\"https:\\\/\\\/agentdacheteur.com\\\/index.php\\\/apropos\\\/#primaryimage\"},\"thumbnailUrl\":\"https:\\\/\\\/agentdacheteur.com\\\/wp-content\\\/uploads\\\/2025\\\/05\\\/7190055-768x1024.jpg\",\"datePublished\":\"2025-05-21T09:17:04+00:00\",\"dateModified\":\"2025-06-05T14:09:33+00:00\",\"description\":\"Soyez certain de votre achat avec l'aide d'un professionnel de l'immobilier au service des acheteurs. Il d\u00e9fendra vos int\u00e9r\u00eats uniquement.\",\"breadcrumb\":{\"@id\":\"https:\\\/\\\/agentdacheteur.com\\\/index.php\\\/apropos\\\/#breadcrumb\"},\"inLanguage\":\"fr-FR\",\"potentialAction\":[{\"@type\":\"ReadAction\",\"target\":[\"https:\\\/\\\/agentdacheteur.com\\\/index.php\\\/apropos\\\/\"]}]},{\"@type\":\"ImageObject\",\"inLanguage\":\"fr-FR\",\"@id\":\"https:\\\/\\\/agentdacheteur.com\\\/index.php\\\/apropos\\\/#primaryimage\",\"url\":\"https:\\\/\\\/agentdacheteur.com\\\/wp-content\\\/uploads\\\/2025\\\/05\\\/7190055-scaled.jpg\",\"contentUrl\":\"https:\\\/\\\/agentdacheteur.com\\\/wp-content\\\/uploads\\\/2025\\\/05\\\/7190055-scaled.jpg\",\"width\":1920,\"height\":2560,\"caption\":\"OLYMPUS DIGITAL CAMERA\"},{\"@type\":\"BreadcrumbList\",\"@id\":\"https:\\\/\\\/agentdacheteur.com\\\/index.php\\\/apropos\\\/#breadcrumb\",\"itemListElement\":[{\"@type\":\"ListItem\",\"position\":1,\"name\":\"Accueil\",\"item\":\"https:\\\/\\\/agentdacheteur.com\\\/\"},{\"@type\":\"ListItem\",\"position\":2,\"name\":\"\u00c0 Propos\"}]},{\"@type\":\"WebSite\",\"@id\":\"https:\\\/\\\/agentdacheteur.com\\\/#website\",\"url\":\"https:\\\/\\\/agentdacheteur.com\\\/\",\"name\":\"Agent d acheteur.com\",\"description\":\"L&#039;achat immobilier serein\",\"publisher\":{\"@id\":\"https:\\\/\\\/agentdacheteur.com\\\/#organization\"},\"potentialAction\":[{\"@type\":\"SearchAction\",\"target\":{\"@type\":\"EntryPoint\",\"urlTemplate\":\"https:\\\/\\\/agentdacheteur.com\\\/?s={search_term_string}\"},\"query-input\":{\"@type\":\"PropertyValueSpecification\",\"valueRequired\":true,\"valueName\":\"search_term_string\"}}],\"inLanguage\":\"fr-FR\"},{\"@type\":\"Organization\",\"@id\":\"https:\\\/\\\/agentdacheteur.com\\\/#organization\",\"name\":\"Agent d acheteur.com\",\"url\":\"https:\\\/\\\/agentdacheteur.com\\\/\",\"logo\":{\"@type\":\"ImageObject\",\"inLanguage\":\"fr-FR\",\"@id\":\"https:\\\/\\\/agentdacheteur.com\\\/#\\\/schema\\\/logo\\\/image\\\/\",\"url\":\"https:\\\/\\\/agentdacheteur.com\\\/wp-content\\\/uploads\\\/2025\\\/05\\\/Screenshot-2025-06-02-at-11.08.32\u202fAM.png\",\"contentUrl\":\"https:\\\/\\\/agentdacheteur.com\\\/wp-content\\\/uploads\\\/2025\\\/05\\\/Screenshot-2025-06-02-at-11.08.32\u202fAM.png\",\"width\":480,\"height\":740,\"caption\":\"Agent d acheteur.com\"},\"image\":{\"@id\":\"https:\\\/\\\/agentdacheteur.com\\\/#\\\/schema\\\/logo\\\/image\\\/\"}}]}<\/script>\n<!-- \/ Yoast SEO plugin. -->","yoast_head_json":{"title":"\u00c0 Propos - Agent d acheteur.com","description":"Soyez certain de votre achat avec l'aide d'un professionnel de l'immobilier au service des acheteurs. Il d\u00e9fendra vos int\u00e9r\u00eats uniquement.","robots":{"index":"index","follow":"follow","max-snippet":"max-snippet:-1","max-image-preview":"max-image-preview:large","max-video-preview":"max-video-preview:-1"},"canonical":"https:\/\/agentdacheteur.com\/index.php\/apropos\/","og_locale":"fr_FR","og_type":"article","og_title":"\u00c0 Propos - Agent d acheteur.com","og_description":"Soyez certain de votre achat avec l'aide d'un professionnel de l'immobilier au service des acheteurs. Il d\u00e9fendra vos int\u00e9r\u00eats uniquement.","og_url":"https:\/\/agentdacheteur.com\/index.php\/apropos\/","og_site_name":"Agent d acheteur.com","article_modified_time":"2025-06-05T14:09:33+00:00","og_image":[{"width":1920,"height":2560,"url":"https:\/\/agentdacheteur.com\/wp-content\/uploads\/2025\/05\/7190055-scaled.jpg","type":"image\/jpeg"}],"twitter_card":"summary_large_image","twitter_misc":{"Dur\u00e9e de lecture estim\u00e9e":"1 minute"},"schema":{"@context":"https:\/\/schema.org","@graph":[{"@type":"WebPage","@id":"https:\/\/agentdacheteur.com\/index.php\/apropos\/","url":"https:\/\/agentdacheteur.com\/index.php\/apropos\/","name":"\u00c0 Propos - Agent d acheteur.com","isPartOf":{"@id":"https:\/\/agentdacheteur.com\/#website"},"primaryImageOfPage":{"@id":"https:\/\/agentdacheteur.com\/index.php\/apropos\/#primaryimage"},"image":{"@id":"https:\/\/agentdacheteur.com\/index.php\/apropos\/#primaryimage"},"thumbnailUrl":"https:\/\/agentdacheteur.com\/wp-content\/uploads\/2025\/05\/7190055-768x1024.jpg","datePublished":"2025-05-21T09:17:04+00:00","dateModified":"2025-06-05T14:09:33+00:00","description":"Soyez certain de votre achat avec l'aide d'un professionnel de l'immobilier au service des acheteurs. Il d\u00e9fendra vos int\u00e9r\u00eats uniquement.","breadcrumb":{"@id":"https:\/\/agentdacheteur.com\/index.php\/apropos\/#breadcrumb"},"inLanguage":"fr-FR","potentialAction":[{"@type":"ReadAction","target":["https:\/\/agentdacheteur.com\/index.php\/apropos\/"]}]},{"@type":"ImageObject","inLanguage":"fr-FR","@id":"https:\/\/agentdacheteur.com\/index.php\/apropos\/#primaryimage","url":"https:\/\/agentdacheteur.com\/wp-content\/uploads\/2025\/05\/7190055-scaled.jpg","contentUrl":"https:\/\/agentdacheteur.com\/wp-content\/uploads\/2025\/05\/7190055-scaled.jpg","width":1920,"height":2560,"caption":"OLYMPUS DIGITAL CAMERA"},{"@type":"BreadcrumbList","@id":"https:\/\/agentdacheteur.com\/index.php\/apropos\/#breadcrumb","itemListElement":[{"@type":"ListItem","position":1,"name":"Accueil","item":"https:\/\/agentdacheteur.com\/"},{"@type":"ListItem","position":2,"name":"\u00c0 Propos"}]},{"@type":"WebSite","@id":"https:\/\/agentdacheteur.com\/#website","url":"https:\/\/agentdacheteur.com\/","name":"Agent d acheteur.com","description":"L&#039;achat immobilier serein","publisher":{"@id":"https:\/\/agentdacheteur.com\/#organization"},"potentialAction":[{"@type":"SearchAction","target":{"@type":"EntryPoint","urlTemplate":"https:\/\/agentdacheteur.com\/?s={search_term_string}"},"query-input":{"@type":"PropertyValueSpecification","valueRequired":true,"valueName":"search_term_string"}}],"inLanguage":"fr-FR"},{"@type":"Organization","@id":"https:\/\/agentdacheteur.com\/#organization","name":"Agent d acheteur.com","url":"https:\/\/agentdacheteur.com\/","logo":{"@type":"ImageObject","inLanguage":"fr-FR","@id":"https:\/\/agentdacheteur.com\/#\/schema\/logo\/image\/","url":"https:\/\/agentdacheteur.com\/wp-content\/uploads\/2025\/05\/Screenshot-2025-06-02-at-11.08.32\u202fAM.png","contentUrl":"https:\/\/agentdacheteur.com\/wp-content\/uploads\/2025\/05\/Screenshot-2025-06-02-at-11.08.32\u202fAM.png","width":480,"height":740,"caption":"Agent d acheteur.com"},"image":{"@id":"https:\/\/agentdacheteur.com\/#\/schema\/logo\/image\/"}}]}},"_links":{"self":[{"href":"https:\/\/agentdacheteur.com\/index.php\/wp-json\/wp\/v2\/pages\/65","targetHints":{"allow":["GET"]}}],"collection":[{"href":"https:\/\/agentdacheteur.com\/index.php\/wp-json\/wp\/v2\/pages"}],"about":[{"href":"https:\/\/agentdacheteur.com\/index.php\/wp-json\/wp\/v2\/types\/page"}],"author":[{"embeddable":true,"href":"https:\/\/agentdacheteur.com\/index.php\/wp-json\/wp\/v2\/users\/1"}],"replies":[{"embeddable":true,"href":"https:\/\/agentdacheteur.com\/index.php\/wp-json\/wp\/v2\/comments?post=65"}],"version-history":[{"count":36,"href":"https:\/\/agentdacheteur.com\/index.php\/wp-json\/wp\/v2\/pages\/65\/revisions"}],"predecessor-version":[{"id":495,"href":"https:\/\/agentdacheteur.com\/index.php\/wp-json\/wp\/v2\/pages\/65\/revisions\/495"}],"wp:attachment":[{"href":"https:\/\/agentdacheteur.com\/index.php\/wp-json\/wp\/v2\/media?parent=65"}],"curies":[{"name":"wp","href":"https:\/\/api.w.org\/{rel}","templated":true}]}}