{"id":60,"date":"2025-05-21T11:13:54","date_gmt":"2025-05-21T09:13:54","guid":{"rendered":"https:\/\/agentdacheteur.com\/?page_id=60"},"modified":"2025-06-05T15:16:24","modified_gmt":"2025-06-05T13:16:24","slug":"prise-de-rdv-contact","status":"publish","type":"page","link":"https:\/\/agentdacheteur.com\/index.php\/prise-de-rdv-contact\/","title":{"rendered":"Prise de RDV &#8211; Contact"},"content":{"rendered":"\n<div style=\"height:56px\" aria-hidden=\"true\" class=\"wp-block-spacer\"><\/div>\n\n\n\n<h1 class=\"wp-block-heading has-system-serif-font-family\">Prise de RDV<\/h1>\n\n\n\n<div style=\"height:39px\" aria-hidden=\"true\" class=\"wp-block-spacer\"><\/div>\n\n\n\n<p>Le premier RDV t\u00e9l\u00e9phonique de 15 min sera l&rsquo;occasion de discuter de vive voix de votre projet. <\/p>\n\n\n\n<p>Nous \u00e9tablirons votre besoin et comment mes services pourront contribuer au succ\u00e8s de votre achat immobilier.<\/p>\n\n\n\n<div style=\"height:26px\" aria-hidden=\"true\" class=\"wp-block-spacer\"><\/div>\n\n\n\n<p><\/p>\n\n\n<div style=\"gap: 20px;\" class=\"align-button-center ub-buttons orientation-button-row  wp-block-ub-button\" id=\"ub-button-eceea80d-83ef-4390-aff7-e10ea435aee0\"><div class=\"ub-button-container\">\n\t\t\t<a href=\"https:\/\/calendly.com\/agentdacheteur\/30min?preview_source=et_card&amp;month=2025-05\" target=\"_blank\" rel=\"noopener noreferrer  \" class=\"ub-button-block-main ub-button-medium   ub-button-flex-medium\" role=\"button\" style=\"--ub-button-background-color: #2c3e4c; --ub-button-color: #f2f1ee; --ub-button-border: none; --ub-button-hover-background-color: #9bb6c6; --ub-button-hover-color: #f2f1ee; --ub-button-hover-border: none; border-top-left-radius: 10px;; border-top-right-radius: 10px;; border-bottom-left-radius: 10px;; border-bottom-right-radius: 10px;; \">\n\t\t\t\t<div class=\"ub-button-content-holder\" style=\"flex-direction: row\">\n\t\t\t\t\t<span class=\"ub-button-block-btn\">Prise du premier RDV<\/span>\n\t\t\t\t<\/div>\n\t\t\t<\/a>\n\t\t<\/div><\/div>\n\n\n<div style=\"height:86px\" aria-hidden=\"true\" class=\"wp-block-spacer\"><\/div>\n\n\n\n<h1 class=\"wp-block-heading\">Formulaire de contact<\/h1>\n\n\n\n<div style=\"height:60px\" aria-hidden=\"true\" class=\"wp-block-spacer\"><\/div>\n\n\n\n<div class=\"wp-block-contact-form-7-contact-form-selector\">\n<div class=\"wpcf7 no-js\" id=\"wpcf7-f217-o1\" lang=\"fr-FR\" dir=\"ltr\" data-wpcf7-id=\"217\">\n<div class=\"screen-reader-response\"><p role=\"status\" aria-live=\"polite\" aria-atomic=\"true\"><\/p> <ul><\/ul><\/div>\n<form action=\"\/index.php\/wp-json\/wp\/v2\/pages\/60#wpcf7-f217-o1\" method=\"post\" class=\"wpcf7-form init\" aria-label=\"Formulaire de contact\" novalidate=\"novalidate\" data-status=\"init\">\n<div style=\"display: none;\">\n<input type=\"hidden\" name=\"_wpcf7\" value=\"217\" \/>\n<input type=\"hidden\" name=\"_wpcf7_version\" value=\"6.0.6\" \/>\n<input type=\"hidden\" name=\"_wpcf7_locale\" value=\"fr_FR\" \/>\n<input type=\"hidden\" name=\"_wpcf7_unit_tag\" value=\"wpcf7-f217-o1\" \/>\n<input type=\"hidden\" name=\"_wpcf7_container_post\" value=\"0\" \/>\n<input type=\"hidden\" name=\"_wpcf7_posted_data_hash\" value=\"\" \/>\n<input type=\"hidden\" name=\"_wpcf7_recaptcha_response\" value=\"\" \/>\n<\/div>\n<p><span class=\"wpcf7-form-control-wrap\" data-name=\"text-850\"><input size=\"40\" maxlength=\"400\" class=\"wpcf7-form-control wpcf7-text wpcf7-validates-as-required\" autocomplete=\"name\" aria-required=\"true\" aria-invalid=\"false\" placeholder=\"Votre nom\" value=\"\" type=\"text\" name=\"text-850\" \/><\/span>\n<\/p>\n<p><span class=\"wpcf7-form-control-wrap\" data-name=\"email-351\"><input size=\"40\" maxlength=\"400\" class=\"wpcf7-form-control wpcf7-email wpcf7-validates-as-required wpcf7-text wpcf7-validates-as-email\" autocomplete=\"email\" aria-required=\"true\" aria-invalid=\"false\" placeholder=\"Votre email\" value=\"\" type=\"email\" name=\"email-351\" \/><\/span>\n<\/p>\n<p><span class=\"wpcf7-form-control-wrap\" data-name=\"tel-781\"><input size=\"40\" maxlength=\"12\" minlength=\"10\" class=\"wpcf7-form-control wpcf7-tel wpcf7-validates-as-required wpcf7-text wpcf7-validates-as-tel\" autocomplete=\"tel\" aria-required=\"true\" aria-invalid=\"false\" placeholder=\"Votre num\u00e9ro de t\u00e9l\u00e9phone\" value=\"\" type=\"tel\" name=\"tel-781\" \/><\/span>\n<\/p>\n<p><span class=\"wpcf7-form-control-wrap\" data-name=\"select-565\"><select class=\"wpcf7-form-control wpcf7-select\" aria-invalid=\"false\" name=\"select-565\"><option value=\"\">Demande de RDV<\/option><option value=\"Poser une question\">Poser une question<\/option><option value=\"Demande de partenariat\">Demande de partenariat<\/option><option value=\"Autre information\">Autre information<\/option><\/select><\/span>\n<\/p>\n<p><span class=\"wpcf7-form-control-wrap\" data-name=\"textarea-227\"><textarea cols=\"40\" rows=\"10\" maxlength=\"2000\" minlength=\"2\" class=\"wpcf7-form-control wpcf7-textarea\" aria-invalid=\"false\" placeholder=\"Votre message\" name=\"textarea-227\"><\/textarea><\/span>\n<\/p>\n<p><span class=\"wpcf7-form-control-wrap\" data-name=\"acceptance-525\"><span class=\"wpcf7-form-control wpcf7-acceptance\"><span class=\"wpcf7-list-item\"><label><input type=\"checkbox\" name=\"acceptance-525\" value=\"1\" aria-invalid=\"false\" \/><span class=\"wpcf7-list-item-label\"><font size=\"3\"> J\u2019accepte que mes informations soient utilis\u00e9es exclusivement dans le cadre de ma demande et de la relation commerciale \u00e9thique et personnalis\u00e9e qui pourrait en d\u00e9couler si je le souhaite.<\/span><\/label><\/span><\/span><\/span>\n<\/p>\n<p><input class=\"wpcf7-form-control wpcf7-submit has-spinner\" type=\"submit\" value=\"Envoyer\" \/>\n<\/p><p style=\"display: none !important;\" class=\"akismet-fields-container\" data-prefix=\"_wpcf7_ak_\"><label>&#916;<textarea name=\"_wpcf7_ak_hp_textarea\" cols=\"45\" rows=\"8\" maxlength=\"100\"><\/textarea><\/label><input type=\"hidden\" id=\"ak_js_1\" name=\"_wpcf7_ak_js\" value=\"198\"\/><script>document.getElementById( \"ak_js_1\" ).setAttribute( \"value\", ( new Date() ).getTime() );<\/script><\/p><div class=\"wpcf7-response-output\" aria-hidden=\"true\"><\/div>\n<\/form>\n<\/div>\n<\/div>\n","protected":false},"excerpt":{"rendered":"<p>Prise de RDV Le premier RDV t\u00e9l\u00e9phonique de 15 min sera l&rsquo;occasion de discuter de vive voix de votre projet. Nous \u00e9tablirons votre besoin et comment mes services pourront contribuer au succ\u00e8s de votre achat immobilier. Formulaire de contact<\/p>\n","protected":false},"author":1,"featured_media":0,"parent":0,"menu_order":3,"comment_status":"closed","ping_status":"closed","template":"page-no-title","meta":{"ub_ctt_via":"","footnotes":""},"class_list":["post-60","page","type-page","status-publish","hentry"],"featured_image_src":null,"yoast_head":"<!-- This site is optimized with the Yoast SEO plugin v27.4 - https:\/\/yoast.com\/product\/yoast-seo-wordpress\/ -->\n<title>Prise de RDV - Contact - Agent d acheteur.com<\/title>\n<meta name=\"robots\" content=\"index, follow, max-snippet:-1, max-image-preview:large, max-video-preview:-1\" \/>\n<link rel=\"canonical\" href=\"https:\/\/agentdacheteur.com\/index.php\/prise-de-rdv-contact\/\" \/>\n<meta property=\"og:locale\" content=\"fr_FR\" \/>\n<meta property=\"og:type\" content=\"article\" \/>\n<meta property=\"og:title\" content=\"Prise de RDV - Contact - Agent d acheteur.com\" \/>\n<meta property=\"og:description\" content=\"Prise de RDV Le premier RDV t\u00e9l\u00e9phonique de 15 min sera l&rsquo;occasion de discuter de vive voix de votre projet. Nous \u00e9tablirons votre besoin et comment mes services pourront contribuer au succ\u00e8s de votre achat immobilier. Formulaire de contact\" \/>\n<meta property=\"og:url\" content=\"https:\/\/agentdacheteur.com\/index.php\/prise-de-rdv-contact\/\" \/>\n<meta property=\"og:site_name\" content=\"Agent d acheteur.com\" \/>\n<meta property=\"article:modified_time\" content=\"2025-06-05T13:16:24+00:00\" \/>\n<meta name=\"twitter:card\" content=\"summary_large_image\" \/>\n<meta name=\"twitter:label1\" content=\"Dur\u00e9e de lecture estim\u00e9e\" \/>\n\t<meta name=\"twitter:data1\" content=\"1 minute\" \/>\n<script type=\"application\/ld+json\" class=\"yoast-schema-graph\">{\"@context\":\"https:\\\/\\\/schema.org\",\"@graph\":[{\"@type\":\"WebPage\",\"@id\":\"https:\\\/\\\/agentdacheteur.com\\\/index.php\\\/prise-de-rdv-contact\\\/\",\"url\":\"https:\\\/\\\/agentdacheteur.com\\\/index.php\\\/prise-de-rdv-contact\\\/\",\"name\":\"Prise de RDV - Contact - Agent d acheteur.com\",\"isPartOf\":{\"@id\":\"https:\\\/\\\/agentdacheteur.com\\\/#website\"},\"datePublished\":\"2025-05-21T09:13:54+00:00\",\"dateModified\":\"2025-06-05T13:16:24+00:00\",\"breadcrumb\":{\"@id\":\"https:\\\/\\\/agentdacheteur.com\\\/index.php\\\/prise-de-rdv-contact\\\/#breadcrumb\"},\"inLanguage\":\"fr-FR\",\"potentialAction\":[{\"@type\":\"ReadAction\",\"target\":[\"https:\\\/\\\/agentdacheteur.com\\\/index.php\\\/prise-de-rdv-contact\\\/\"]}]},{\"@type\":\"BreadcrumbList\",\"@id\":\"https:\\\/\\\/agentdacheteur.com\\\/index.php\\\/prise-de-rdv-contact\\\/#breadcrumb\",\"itemListElement\":[{\"@type\":\"ListItem\",\"position\":1,\"name\":\"Accueil\",\"item\":\"https:\\\/\\\/agentdacheteur.com\\\/\"},{\"@type\":\"ListItem\",\"position\":2,\"name\":\"Prise de RDV &#8211; Contact\"}]},{\"@type\":\"WebSite\",\"@id\":\"https:\\\/\\\/agentdacheteur.com\\\/#website\",\"url\":\"https:\\\/\\\/agentdacheteur.com\\\/\",\"name\":\"Agent d acheteur.com\",\"description\":\"L&#039;achat immobilier serein\",\"publisher\":{\"@id\":\"https:\\\/\\\/agentdacheteur.com\\\/#organization\"},\"potentialAction\":[{\"@type\":\"SearchAction\",\"target\":{\"@type\":\"EntryPoint\",\"urlTemplate\":\"https:\\\/\\\/agentdacheteur.com\\\/?s={search_term_string}\"},\"query-input\":{\"@type\":\"PropertyValueSpecification\",\"valueRequired\":true,\"valueName\":\"search_term_string\"}}],\"inLanguage\":\"fr-FR\"},{\"@type\":\"Organization\",\"@id\":\"https:\\\/\\\/agentdacheteur.com\\\/#organization\",\"name\":\"Agent d acheteur.com\",\"url\":\"https:\\\/\\\/agentdacheteur.com\\\/\",\"logo\":{\"@type\":\"ImageObject\",\"inLanguage\":\"fr-FR\",\"@id\":\"https:\\\/\\\/agentdacheteur.com\\\/#\\\/schema\\\/logo\\\/image\\\/\",\"url\":\"https:\\\/\\\/agentdacheteur.com\\\/wp-content\\\/uploads\\\/2025\\\/05\\\/Screenshot-2025-06-02-at-11.08.32\u202fAM.png\",\"contentUrl\":\"https:\\\/\\\/agentdacheteur.com\\\/wp-content\\\/uploads\\\/2025\\\/05\\\/Screenshot-2025-06-02-at-11.08.32\u202fAM.png\",\"width\":480,\"height\":740,\"caption\":\"Agent d acheteur.com\"},\"image\":{\"@id\":\"https:\\\/\\\/agentdacheteur.com\\\/#\\\/schema\\\/logo\\\/image\\\/\"}}]}<\/script>\n<!-- \/ Yoast SEO plugin. -->","yoast_head_json":{"title":"Prise de RDV - Contact - Agent d acheteur.com","robots":{"index":"index","follow":"follow","max-snippet":"max-snippet:-1","max-image-preview":"max-image-preview:large","max-video-preview":"max-video-preview:-1"},"canonical":"https:\/\/agentdacheteur.com\/index.php\/prise-de-rdv-contact\/","og_locale":"fr_FR","og_type":"article","og_title":"Prise de RDV - Contact - Agent d acheteur.com","og_description":"Prise de RDV Le premier RDV t\u00e9l\u00e9phonique de 15 min sera l&rsquo;occasion de discuter de vive voix de votre projet. Nous \u00e9tablirons votre besoin et comment mes services pourront contribuer au succ\u00e8s de votre achat immobilier. Formulaire de contact","og_url":"https:\/\/agentdacheteur.com\/index.php\/prise-de-rdv-contact\/","og_site_name":"Agent d acheteur.com","article_modified_time":"2025-06-05T13:16:24+00:00","twitter_card":"summary_large_image","twitter_misc":{"Dur\u00e9e de lecture estim\u00e9e":"1 minute"},"schema":{"@context":"https:\/\/schema.org","@graph":[{"@type":"WebPage","@id":"https:\/\/agentdacheteur.com\/index.php\/prise-de-rdv-contact\/","url":"https:\/\/agentdacheteur.com\/index.php\/prise-de-rdv-contact\/","name":"Prise de RDV - Contact - Agent d acheteur.com","isPartOf":{"@id":"https:\/\/agentdacheteur.com\/#website"},"datePublished":"2025-05-21T09:13:54+00:00","dateModified":"2025-06-05T13:16:24+00:00","breadcrumb":{"@id":"https:\/\/agentdacheteur.com\/index.php\/prise-de-rdv-contact\/#breadcrumb"},"inLanguage":"fr-FR","potentialAction":[{"@type":"ReadAction","target":["https:\/\/agentdacheteur.com\/index.php\/prise-de-rdv-contact\/"]}]},{"@type":"BreadcrumbList","@id":"https:\/\/agentdacheteur.com\/index.php\/prise-de-rdv-contact\/#breadcrumb","itemListElement":[{"@type":"ListItem","position":1,"name":"Accueil","item":"https:\/\/agentdacheteur.com\/"},{"@type":"ListItem","position":2,"name":"Prise de RDV &#8211; Contact"}]},{"@type":"WebSite","@id":"https:\/\/agentdacheteur.com\/#website","url":"https:\/\/agentdacheteur.com\/","name":"Agent d acheteur.com","description":"L&#039;achat immobilier serein","publisher":{"@id":"https:\/\/agentdacheteur.com\/#organization"},"potentialAction":[{"@type":"SearchAction","target":{"@type":"EntryPoint","urlTemplate":"https:\/\/agentdacheteur.com\/?s={search_term_string}"},"query-input":{"@type":"PropertyValueSpecification","valueRequired":true,"valueName":"search_term_string"}}],"inLanguage":"fr-FR"},{"@type":"Organization","@id":"https:\/\/agentdacheteur.com\/#organization","name":"Agent d acheteur.com","url":"https:\/\/agentdacheteur.com\/","logo":{"@type":"ImageObject","inLanguage":"fr-FR","@id":"https:\/\/agentdacheteur.com\/#\/schema\/logo\/image\/","url":"https:\/\/agentdacheteur.com\/wp-content\/uploads\/2025\/05\/Screenshot-2025-06-02-at-11.08.32\u202fAM.png","contentUrl":"https:\/\/agentdacheteur.com\/wp-content\/uploads\/2025\/05\/Screenshot-2025-06-02-at-11.08.32\u202fAM.png","width":480,"height":740,"caption":"Agent d acheteur.com"},"image":{"@id":"https:\/\/agentdacheteur.com\/#\/schema\/logo\/image\/"}}]}},"_links":{"self":[{"href":"https:\/\/agentdacheteur.com\/index.php\/wp-json\/wp\/v2\/pages\/60","targetHints":{"allow":["GET"]}}],"collection":[{"href":"https:\/\/agentdacheteur.com\/index.php\/wp-json\/wp\/v2\/pages"}],"about":[{"href":"https:\/\/agentdacheteur.com\/index.php\/wp-json\/wp\/v2\/types\/page"}],"author":[{"embeddable":true,"href":"https:\/\/agentdacheteur.com\/index.php\/wp-json\/wp\/v2\/users\/1"}],"replies":[{"embeddable":true,"href":"https:\/\/agentdacheteur.com\/index.php\/wp-json\/wp\/v2\/comments?post=60"}],"version-history":[{"count":35,"href":"https:\/\/agentdacheteur.com\/index.php\/wp-json\/wp\/v2\/pages\/60\/revisions"}],"predecessor-version":[{"id":487,"href":"https:\/\/agentdacheteur.com\/index.php\/wp-json\/wp\/v2\/pages\/60\/revisions\/487"}],"wp:attachment":[{"href":"https:\/\/agentdacheteur.com\/index.php\/wp-json\/wp\/v2\/media?parent=60"}],"curies":[{"name":"wp","href":"https:\/\/api.w.org\/{rel}","templated":true}]}}